{"id":2055,"date":"2017-03-03T17:22:02","date_gmt":"2017-03-03T23:22:02","guid":{"rendered":"http:\/\/www.amte.org.mx\/portal\/?page_id=2055"},"modified":"2018-03-26T12:55:03","modified_gmt":"2018-03-26T18:55:03","slug":"tipos-de-equipo","status":"publish","type":"page","link":"https:\/\/www.amte.org.mx\/portal\/tipos-de-equipo\/","title":{"rendered":"TIPOS DE EQUIPO"},"content":{"rendered":"<h2><a name=\"_Toc508361637\"><\/a>Definiciones sobre los equipos.<\/h2>\n<ul>\n<li><strong>EQUIPO. <\/strong>Grupo de personas que desempe\u00f1a actividades para controlar, mejorar continuamente e innovar sus productos, servicios y procesos. Con su participaci\u00f3n se busca el desarrollo de sus integrantes y la generaci\u00f3n de valor para la organizaci\u00f3n de la que forma parte y sus fines.<\/li>\n<\/ul>\n<ul>\n<li><strong>C\u00cdRCULO DE CONTROL DE CALIDAD<\/strong> <strong>(CCC).<\/strong> Equipo formado por la decisi\u00f3n voluntaria de sus integrantes o promovida por alguna autoridad de la organizaci\u00f3n para trabajar por un tiempo indefinido (i.e. de vida permanente y no por proyecto) en actividades de estudio y de mejora continua, utilizando el m\u00e9todo de soluci\u00f3n de problemas (e.g. QC Story I, Ruta de la Calidad, Pasos para la mejora). Formado por el personal de una misma \u00e1rea de trabajo o de un mismo proceso. Se re\u00fane peri\u00f3dicamente (e.g. semanalmente, quincenalmente) para solucionar de 1 a 4 temas por a\u00f1o.<strong>\u00a0<\/strong><\/li>\n<\/ul>\n<p>Los C\u00edrculos de Calidad participan en el Concurso Nacional de C\u00edrculos de Control de Calidad.<strong>\u00a0<\/strong><\/p>\n<ul>\n<li><strong>GRUPO DE TRABAJO (GT). <\/strong>Equipo formado por la decisi\u00f3n de alguna autoridad de la organizaci\u00f3n para trabajar por un tiempo definido (i.e. de vida temporal o por proyecto) en actividades de estudio y de mejora continua utilizando el m\u00e9todo de soluci\u00f3n de problemas (e.g. QC Story I, Ruta de la Calidad, Pasos para la mejora). Se re\u00fanen peri\u00f3dicamente (e.g. semanalmente, quincenalmente) para solucionar al menos 1 tema.<\/li>\n<\/ul>\n<p>Los Grupos de Trabajo\u00a0participan en el Foro Nacional de Trabajo en Equipo.<strong>\u00a0<\/strong><\/p>\n<ul>\n<li><strong>EQUIPO DE PROYECTO 6 SIGMA (E6S). <\/strong>Equipo formado por la decisi\u00f3n de alguna autoridad de la organizaci\u00f3n para desarrollar y ejecutar un proyecto usando la metodolog\u00eda y herramientas de 6 Sigma (e.g. DMAIC y herramientas estad\u00edsticas avanzadas). Se re\u00fanen peri\u00f3dicamente para resolver al menos un proyecto.<\/li>\n<\/ul>\n<p>Los Equipos 6 Sigma participan en el\u00a0Encuentro Nacional de Equipos de Proyectos 6 Sigma.<strong>\u00a0<\/strong><\/p>\n<ul>\n<li><strong>EQUIPO DE METODOLOG\u00cdA ESTRAT\u00c9GICA (EMETE). <\/strong>Equipo formado por la decisi\u00f3n de alguna autoridad de la organizaci\u00f3n para desarrollar una mejora, ya sea utilizando el enfoque de soluci\u00f3n de problemas o bien, enfoques de innovaci\u00f3n y cambio, con modelos y conductas diferentes a los CCC, GT, E6S y Short Kaizen. Por ejemplo, equipos que utilizan: 5 pasos, Pasos PDCA, Pasos DMAIC, QC Story I (i.e. Ruta de la Calidad), QC Story II, Evento Kaizen (i.e. Kaizen Blitz, Kaizen de 1 semana), SMED\/QCO, An\u00e1lisis de un accidente, entre otros.<strong style=\"font-size: 1rem;\">\u00a0<\/strong><\/li>\n<\/ul>\n<p>Los EMETE\u00a0participan en el Encuentro de Metodolog\u00edas Estrat\u00e9gicas de Trabajo en Equipo.<strong>\u00a0<\/strong><\/p>\n<ul>\n<li><strong>EQUIPO SHORT KAIZEN\/ DE MEJORA R\u00c1PIDAS. <\/strong>Equipo formado por la decisi\u00f3n voluntaria de sus integrantes o promovida por alguna autoridad de la organizaci\u00f3n que ha concluido un proyecto de mejora utilizando el m\u00e9todo de Mejoras R\u00e1pidas (i.e. Short Kaizen, Teian, Acciones a la vista, Just do it).<strong style=\"font-size: 1rem;\">\u00a0<\/strong><\/li>\n<\/ul>\n<p>Los equipos Short Kaizen\/ De Mejoras Rapidas participan\u00a0en el Short Kaizen &amp; Good Idea Forum.<\/p>\n<p><a id=\"convocatorias\" name=\"convocatorias\"><\/a><\/p>\n<h2>CONVOCATORIAS:<\/h2>\n<table style=\"height: 410px;\" border=\"0\" width=\"625\">\n<tbody>\n<tr>\n<td width=\"10%\">\n<div align=\"center\"><img decoding=\"async\" src=\"http:\/\/www.amte.org.mx\/portal\/wp-content\/uploads\/2014\/01\/vinetas-azul.gif\" alt=\"\" width=\"10\" height=\"11\" \/><\/div>\n<\/td>\n<td width=\"90%\"><a href=\"http:\/\/www.amte.org.mx\/portal\/wp-content\/uploads\/2018\/03\/Adendo-ERCN-2018.pdf\" target=\"_blank\" rel=\"noopener noreferrer\">Regional CENTRO \u2013 NORTE<\/a><\/td>\n<\/tr>\n<tr>\n<td>\n<div align=\"center\"><img decoding=\"async\" src=\"http:\/\/www.amte.org.mx\/portal\/wp-content\/uploads\/2014\/01\/vinetas-gris.gif\" alt=\"\" width=\"10\" height=\"11\" \/><\/div>\n<\/td>\n<td><a href=\"http:\/\/www.amte.org.mx\/portal\/wp-content\/uploads\/2018\/03\/Adendo-FEEM-Chih2018.pdf\" target=\"_blank\" rel=\"noopener noreferrer\">Estatal CHIHUAHUA<\/a><\/td>\n<\/tr>\n<tr>\n<td>\n<div align=\"center\"><img decoding=\"async\" src=\"http:\/\/www.amte.org.mx\/portal\/wp-content\/uploads\/2014\/01\/vinetas-azul.gif\" alt=\"\" width=\"10\" height=\"11\" \/><\/div>\n<\/td>\n<td>Regional del SURESTE<\/td>\n<\/tr>\n<tr>\n<td>\n<div align=\"center\"><img decoding=\"async\" src=\"http:\/\/www.amte.org.mx\/portal\/wp-content\/uploads\/2014\/01\/vinetas-gris.gif\" alt=\"\" width=\"10\" height=\"11\" \/><\/div>\n<\/td>\n<td><a href=\"http:\/\/www.amte.org.mx\/portal\/wp-content\/uploads\/2017\/01\/CONV-CRTE-N.L.-TAMPS-SLP-2017.pdf\" target=\"_blank\" rel=\"noopener noreferrer\">Regional NUEVO LEON \u2013 TAMAULIPAS &#8211; SAN LUIS POTOS\u00cd<\/a><\/td>\n<\/tr>\n<tr>\n<td>\n<div align=\"center\"><img decoding=\"async\" src=\"http:\/\/www.amte.org.mx\/portal\/wp-content\/uploads\/2014\/01\/vinetas-azul.gif\" alt=\"\" width=\"10\" height=\"11\" \/><\/div>\n<\/td>\n<td><a href=\"http:\/\/www.amte.org.mx\/portal\/wp-content\/uploads\/2018\/03\/Adendo-FEEM-Gto2018.pdf\">Estatal GUANAJUATO<\/a><\/td>\n<\/tr>\n<tr>\n<td>\n<div align=\"center\"><img decoding=\"async\" src=\"http:\/\/www.amte.org.mx\/portal\/wp-content\/uploads\/2014\/01\/vinetas-gris.gif\" alt=\"\" width=\"10\" height=\"11\" \/><\/div>\n<\/td>\n<td><a href=\"http:\/\/www.amte.org.mx\/portal\/wp-content\/uploads\/2018\/03\/Adendo-FEEM-Jal2018.pdf\">Estatal JALISCO<\/a><\/td>\n<\/tr>\n<tr>\n<td>\n<div align=\"center\"><img decoding=\"async\" src=\"http:\/\/www.amte.org.mx\/portal\/wp-content\/uploads\/2014\/01\/vinetas-azul.gif\" alt=\"\" width=\"10\" height=\"11\" \/><\/div>\n<div align=\"center\"><\/div>\n<div align=\"center\"><img decoding=\"async\" class=\"aligncenter\" style=\"font-family: inherit; font-size: inherit; text-align: left;\" src=\"http:\/\/www.amte.org.mx\/portal\/wp-content\/uploads\/2014\/01\/vinetas-gris.gif\" alt=\"\" width=\"10\" height=\"11\" \/><\/div>\n<div align=\"center\"><\/div>\n<div align=\"center\"><img decoding=\"async\" src=\"http:\/\/www.amte.org.mx\/portal\/wp-content\/uploads\/2014\/01\/vinetas-azul.gif\" alt=\"\" width=\"10\" height=\"11\" \/><\/div>\n<div align=\"center\"><\/div>\n<\/td>\n<td><a href=\"http:\/\/www.amte.org.mx\/portal\/wp-content\/uploads\/2018\/03\/Adendo-FEEM-BC2018.pdf\">Estatal BAJA CALIFORNIA<\/a><br \/>\n<a href=\"http:\/\/www.amte.org.mx\/portal\/wp-content\/uploads\/2018\/03\/Adendo-FEEM-Qro2018.pdf\">Estatal QUER\u00c9TARO<\/a><a href=\"http:\/\/www.amte.org.mx\/portal\/wp-content\/uploads\/2018\/03\/Adendo-ERCN-2018.pdf\"><br \/>\nOficina Nacional<\/a><\/td>\n<\/tr>\n<tr>\n<td>\n<div align=\"center\"><\/div>\n<\/td>\n<td><\/td>\n<\/tr>\n<\/tbody>\n<\/table>\n<p><a id=\"reglamentos\" name=\"reglamentos\"><\/a><\/p>\n<h2>REGLAMENTOS:<\/h2>\n<table border=\"0\" width=\"100%\">\n<tbody>\n<tr>\n<td width=\"10%\">\n<div align=\"center\"><img decoding=\"async\" src=\"http:\/\/www.amte.org.mx\/portal\/wp-content\/uploads\/2014\/01\/vinetas-azul.gif\" alt=\"\" width=\"10\" height=\"11\" \/><\/div>\n<\/td>\n<td width=\"90%\"><a href=\"http:\/\/www.amte.org.mx\/portal\/wp-content\/uploads\/2017\/02\/Reglamento-CCCyGT-2017RV_SGL.pdf\" target=\"_blank\" rel=\"noopener noreferrer\">C\u00cdRCULO DE CONTROL DE CALIDAD (CCC)<\/a><\/td>\n<\/tr>\n<tr>\n<td>\n<div align=\"center\"><img decoding=\"async\" src=\"http:\/\/www.amte.org.mx\/portal\/wp-content\/uploads\/2014\/01\/vinetas-gris.gif\" alt=\"\" width=\"10\" height=\"11\" \/><\/div>\n<\/td>\n<td><a href=\"http:\/\/www.amte.org.mx\/portal\/wp-content\/uploads\/2017\/01\/CONVOCATORIA-GENERAL-2017.pdf\" target=\"_blank\" rel=\"noopener noreferrer\"> GRUPO DE TRABAJO (GT)<\/a><\/td>\n<\/tr>\n<tr>\n<td>\n<div align=\"center\"><img decoding=\"async\" src=\"http:\/\/www.amte.org.mx\/portal\/wp-content\/uploads\/2014\/01\/vinetas-azul.gif\" alt=\"\" width=\"10\" height=\"11\" \/><\/div>\n<\/td>\n<td><a href=\"http:\/\/www.amte.org.mx\/portal\/wp-content\/uploads\/2017\/02\/Reglamento-6SIGMA-2017_RV_SGL.pdf\" target=\"_blank\" rel=\"noopener noreferrer\">EQUIPO DE PROYECTO 6 SIGMA<\/a><\/td>\n<\/tr>\n<tr>\n<td>\n<div align=\"center\"><img decoding=\"async\" src=\"http:\/\/www.amte.org.mx\/portal\/wp-content\/uploads\/2014\/01\/vinetas-gris.gif\" alt=\"\" width=\"10\" height=\"11\" \/><\/div>\n<\/td>\n<td><a href=\"http:\/\/www.amte.org.mx\/portal\/wp-content\/uploads\/2017\/02\/GUIA-EMETE-2017_RV_SGL.pdf\" target=\"_blank\" rel=\"noopener noreferrer\">ENCUENTRO DE METODOLOG\u00cdAS ESTRAT\u00c9GICAS DE TRABAJO EN EQUIPO<\/a><\/td>\n<\/tr>\n<tr>\n<td>\n<div align=\"center\"><img decoding=\"async\" src=\"http:\/\/www.amte.org.mx\/portal\/wp-content\/uploads\/2014\/01\/vinetas-azul.gif\" alt=\"\" width=\"10\" height=\"11\" \/><\/div>\n<\/td>\n<td><a href=\"http:\/\/www.amte.org.mx\/portal\/wp-content\/uploads\/2017\/02\/Reglamento-SHORTKAIZEN-2017_RV.pdf\" target=\"_blank\" rel=\"noopener noreferrer\">EQUIPO DE MEJORA R\u00c1PIDA<\/a><\/td>\n<\/tr>\n<\/tbody>\n<\/table>\n","protected":false},"excerpt":{"rendered":"<p>Definiciones sobre los equipos. EQUIPO. Grupo de personas que desempe\u00f1a actividades para controlar, mejorar continuamente e innovar sus productos, servicios y procesos. Con su participaci\u00f3n se busca el desarrollo de sus integrantes y la generaci\u00f3n de valor para la organizaci\u00f3n de la que forma parte y sus fines. C\u00cdRCULO DE &hellip;<\/p>\n","protected":false},"author":4,"featured_media":0,"parent":0,"menu_order":0,"comment_status":"closed","ping_status":"closed","template":"","meta":{"footnotes":""},"class_list":["post-2055","page","type-page","status-publish","hentry"],"_links":{"self":[{"href":"https:\/\/www.amte.org.mx\/portal\/wp-json\/wp\/v2\/pages\/2055","targetHints":{"allow":["GET"]}}],"collection":[{"href":"https:\/\/www.amte.org.mx\/portal\/wp-json\/wp\/v2\/pages"}],"about":[{"href":"https:\/\/www.amte.org.mx\/portal\/wp-json\/wp\/v2\/types\/page"}],"author":[{"embeddable":true,"href":"https:\/\/www.amte.org.mx\/portal\/wp-json\/wp\/v2\/users\/4"}],"replies":[{"embeddable":true,"href":"https:\/\/www.amte.org.mx\/portal\/wp-json\/wp\/v2\/comments?post=2055"}],"version-history":[{"count":11,"href":"https:\/\/www.amte.org.mx\/portal\/wp-json\/wp\/v2\/pages\/2055\/revisions"}],"predecessor-version":[{"id":4044,"href":"https:\/\/www.amte.org.mx\/portal\/wp-json\/wp\/v2\/pages\/2055\/revisions\/4044"}],"wp:attachment":[{"href":"https:\/\/www.amte.org.mx\/portal\/wp-json\/wp\/v2\/media?parent=2055"}],"curies":[{"name":"wp","href":"https:\/\/api.w.org\/{rel}","templated":true}]}}