{"id":2994,"date":"2018-01-09T11:10:07","date_gmt":"2018-01-09T17:10:07","guid":{"rendered":"http:\/\/www.amte.org.mx\/portal\/?page_id=2994"},"modified":"2019-01-02T11:52:51","modified_gmt":"2019-01-02T17:52:51","slug":"historia","status":"publish","type":"page","link":"https:\/\/www.amte.org.mx\/portal\/historia\/","title":{"rendered":"Historia"},"content":{"rendered":"<p style=\"text-align: justify;\">En 1990,&nbsp;el <strong style=\"font-size: 1rem;\">Dr. Yuzuru Itoh<\/strong><span style=\"font-size: 1rem;\"> (\u2020) (ex- director de Aseguramiento de Calidad de Matsushita Electric, Asesor de United Technologies \u2013 Otis Elevators y Consultor internacional) propone la promoci\u00f3n de los <\/span><strong style=\"font-size: 1rem;\">C\u00edrculos de&nbsp;Control de Calidad<\/strong><span style=\"font-size: 1rem;\"> en M\u00e9xico a trav\u00e9s de la creaci\u00f3n de un foro donde se presentaran casos exitosos de mejoras; con el apoyo de&nbsp;<\/span><strong style=\"font-size: 1rem;\">JETRO M\u00e9xico<\/strong><span style=\"font-size: 1rem;\"> (Organismo Oficial para el Intercambio Econ\u00f3mico del Jap\u00f3n en M\u00e9xico) y otras instituciones como la&nbsp;CANACINTRA,&nbsp;CONCANACO \u2013 SERVYTUR,&nbsp;Bancomext, el&nbsp;ITESM Campus Monterrey, empresas privadas como Mitutoyo y&nbsp;un grupo de expertos mexicanos, se organiza el <\/span><strong style=\"font-size: 1rem;\">Primer Concurso Nacional de C\u00edrculos de Control de Calidad<\/strong><span style=\"font-size: 1rem;\"> en diciembre de ese mismo a\u00f1o.<\/span><\/p>\n<p style=\"text-align: justify;\">Para administrar el nuevo movimiento de trabajo en equipo y sus concursos, se establece en 1992, una Asociaci\u00f3n Civil sin fines de lucro llamada tal cual, <strong>Concurso Nacional de C\u00edrculos de Control de Calidad, A.C.<\/strong> (CNCCC,A.C.) por Hermelinda Kasuga (\u2020), Carlos Gonz\u00e1lez, Sergio Garcilazo y Ricardo Hirata con funciones extendidas a la promoci\u00f3n nacional del trabajo en equipo as\u00ed como a la capacitaci\u00f3n y asesor\u00eda en la materia.&nbsp;En el a\u00f1o 2000, despu\u00e9s de su d\u00e9cimo aniversario la asociaci\u00f3n civil CNCCC decide cambiar su nombre por el de <strong>Asociaci\u00f3n Mexicana de Trabajo en Equipo, A.C. (AMTE).<\/strong><\/p>\n<p style=\"text-align: left;\">La&nbsp;<strong>AMTE<\/strong> es una asociaci\u00f3n civil sin fines de lucro, responsable de coordinar las actividades de difusi\u00f3n y organizaci\u00f3n de los Concursos de Trabajo en Equipo en M\u00e9xico&nbsp;que han permitido proporcionar de manera efectiva, una plataforma reconocida, objetiva y transparente para&nbsp;conocer y motivar la aplicaci\u00f3n de la&nbsp;filosof\u00eda del Trabajo en Equipo en nuestro&nbsp;pa\u00eds.<\/p>\n<h3 style=\"text-align: justify;\"><strong>Nuestra Misi\u00f3n<\/strong><\/h3>\n<ul>\n<li>Organizar los Concursos de Equipos de Trabajo que difundan la filosof\u00eda de TRABAJO EN EQUIPO en M\u00e9xico.<\/li>\n<\/ul>\n<h3 style=\"text-align: justify;\"><strong>Nuestra Visi\u00f3n<\/strong><\/h3>\n<ul>\n<li>Ser el organismo de referencia en materia de Trabajo en Equipo para la Mejora Continua en M\u00e9xico.<\/li>\n<li>Ser el organismo articulador entre individuos, equipos y organizaciones en lo referente a Trabajo en Equipo para la Mejora Continua en M\u00e9xico.<\/li>\n<\/ul>\n<h3 style=\"text-align: justify;\"><strong>Valores Organizacionales<\/strong><\/h3>\n<p style=\"text-align: justify;\">Honestidad con el cliente y sus logros, con los miembros de nuestra organizaci\u00f3n y con la sociedad como uno de nuestros pilares fundamentales distintivos.<\/p>\n<p style=\"text-align: justify;\">Compromiso permanente para atender a las organizaciones y sus equipos, as\u00ed como nuestros colaboradores y evaluadores, mejorando continuamente.<\/p>\n<p style=\"text-align: justify;\">Trabajo en Equipo en cada una de las actividades que desarrollamos como l\u00edderes y soporte de este movimiento en nuestro pa\u00eds.<\/p>\n<p style=\"text-align: justify;\">Servicio al atender las necesidades de nuestros clientes con eficiencia.<\/p>\n","protected":false},"excerpt":{"rendered":"<p>En 1990,&nbsp;el Dr. Yuzuru Itoh (\u2020) (ex- director de Aseguramiento de Calidad de Matsushita Electric, Asesor de United Technologies \u2013 Otis Elevators y Consultor internacional) propone la promoci\u00f3n de los C\u00edrculos de&nbsp;Control de Calidad en M\u00e9xico a trav\u00e9s de la creaci\u00f3n de un foro donde se presentaran casos exitosos de &hellip;<\/p>\n","protected":false},"author":1,"featured_media":0,"parent":0,"menu_order":1,"comment_status":"closed","ping_status":"closed","template":"","meta":{"footnotes":""},"class_list":["post-2994","page","type-page","status-publish","hentry"],"_links":{"self":[{"href":"https:\/\/www.amte.org.mx\/portal\/wp-json\/wp\/v2\/pages\/2994","targetHints":{"allow":["GET"]}}],"collection":[{"href":"https:\/\/www.amte.org.mx\/portal\/wp-json\/wp\/v2\/pages"}],"about":[{"href":"https:\/\/www.amte.org.mx\/portal\/wp-json\/wp\/v2\/types\/page"}],"author":[{"embeddable":true,"href":"https:\/\/www.amte.org.mx\/portal\/wp-json\/wp\/v2\/users\/1"}],"replies":[{"embeddable":true,"href":"https:\/\/www.amte.org.mx\/portal\/wp-json\/wp\/v2\/comments?post=2994"}],"version-history":[{"count":13,"href":"https:\/\/www.amte.org.mx\/portal\/wp-json\/wp\/v2\/pages\/2994\/revisions"}],"predecessor-version":[{"id":4009,"href":"https:\/\/www.amte.org.mx\/portal\/wp-json\/wp\/v2\/pages\/2994\/revisions\/4009"}],"wp:attachment":[{"href":"https:\/\/www.amte.org.mx\/portal\/wp-json\/wp\/v2\/media?parent=2994"}],"curies":[{"name":"wp","href":"https:\/\/api.w.org\/{rel}","templated":true}]}}