{"id":3747,"date":"2018-12-13T17:04:00","date_gmt":"2018-12-13T23:04:00","guid":{"rendered":"https:\/\/www.amte.org.mx\/portal\/membership-join\/"},"modified":"2018-12-19T19:21:02","modified_gmt":"2018-12-20T01:21:02","slug":"membership-join","status":"publish","type":"page","link":"https:\/\/www.amte.org.mx\/portal\/membership-join\/","title":{"rendered":"\u00danete a la comunidad"},"content":{"rendered":"<p style=\"color: red; font-weight: bold; text-align: center;\"><span style=\"color: #000000;\">Gracias por tu\u00a0inter\u00e9s en unirte a la comunidad de la Asociaci\u00f3n Mexicana de Trabajo en Equipo, tendr\u00e1s acceso a la memoria del 29\u00b0 Foro Nacional de Equipos de Mejora.<\/span><\/p>\n<p style=\"border-top: 1px solid #ccc; padding-top: 10px; margin-top: 10px;\">\n<h2 style=\"text-align: center;\"><a href=\"https:\/\/www.amte.org.mx\/portal\/membership-join\/membership-registration\/\">Accede aqu\u00ed para realizar tu registro\u00a0<\/a><\/h2>\n<p style=\"border-bottom: 1px solid #ccc; padding-bottom: 10px; margin-bottom: 10px;\">\n","protected":false},"excerpt":{"rendered":"<p>Gracias por tu\u00a0inter\u00e9s en unirte a la comunidad de la Asociaci\u00f3n Mexicana de Trabajo en Equipo, tendr\u00e1s acceso a la memoria del 29\u00b0 Foro Nacional de Equipos de Mejora. Accede aqu\u00ed para realizar tu registro\u00a0<\/p>\n","protected":false},"author":5,"featured_media":0,"parent":0,"menu_order":0,"comment_status":"closed","ping_status":"closed","template":"","meta":{"footnotes":""},"class_list":["post-3747","page","type-page","status-publish","hentry"],"_links":{"self":[{"href":"https:\/\/www.amte.org.mx\/portal\/wp-json\/wp\/v2\/pages\/3747","targetHints":{"allow":["GET"]}}],"collection":[{"href":"https:\/\/www.amte.org.mx\/portal\/wp-json\/wp\/v2\/pages"}],"about":[{"href":"https:\/\/www.amte.org.mx\/portal\/wp-json\/wp\/v2\/types\/page"}],"author":[{"embeddable":true,"href":"https:\/\/www.amte.org.mx\/portal\/wp-json\/wp\/v2\/users\/5"}],"replies":[{"embeddable":true,"href":"https:\/\/www.amte.org.mx\/portal\/wp-json\/wp\/v2\/comments?post=3747"}],"version-history":[{"count":1,"href":"https:\/\/www.amte.org.mx\/portal\/wp-json\/wp\/v2\/pages\/3747\/revisions"}],"predecessor-version":[{"id":3965,"href":"https:\/\/www.amte.org.mx\/portal\/wp-json\/wp\/v2\/pages\/3747\/revisions\/3965"}],"wp:attachment":[{"href":"https:\/\/www.amte.org.mx\/portal\/wp-json\/wp\/v2\/media?parent=3747"}],"curies":[{"name":"wp","href":"https:\/\/api.w.org\/{rel}","templated":true}]}}